{"id":2,"date":"2025-03-31T15:07:53","date_gmt":"2025-03-31T13:07:53","guid":{"rendered":"https:\/\/www.barracuda.at\/barracuda_bm\/?page_id=2"},"modified":"2025-04-01T09:09:37","modified_gmt":"2025-04-01T07:09:37","slug":"beispiel-seite","status":"publish","type":"page","link":"https:\/\/www.barracuda.at\/barracuda_bm\/","title":{"rendered":""},"content":{"rendered":"\n<h2 class=\"wp-block-heading has-text-align-center\">Willkommen bei Barracuda Bau Services<\/h2>\n\n\n\n<h1 class=\"wp-block-heading has-text-align-center\"><strong>BERATUNG BAUAUFSICHT CONTROLLING<\/strong><\/h1>\n\n\n\n<p><\/p>\n\n\n\n<p style=\"margin-top:var(--wp--preset--spacing--30);margin-bottom:var(--wp--preset--spacing--30)\"><\/p>\n\n\n\n<p>Wir sind Ihr verl\u00e4sslicher Partner f\u00fcr alle Bauvorhaben sowie umfassende Beratung in Baufragen. Unser Leistungsspektrum reicht von der Planung und Bauleitung bis hin zur professionellen Unterst\u00fctzung bei Kaufentscheidungen rund um H\u00e4user und Wohnungen.<\/p>\n\n\n\n<p><strong>Unsere erweiterten Dienstleistungen:<\/strong><\/p>\n\n\n\n<ul class=\"wp-block-list\">\n<li><strong>Beratung in Baufragen:<\/strong> Kompetenz und Erfahrung stehen Ihnen zur Seite, um fundierte Entscheidungen f\u00fcr Ihr Bauvorhaben zu treffen.<\/li>\n\n\n\n<li><strong>Haus- und Wohnungskauf:<\/strong> Unterst\u00fctzung und fachkundige Beratung bei der Auswahl, Bewertung und Abwicklung von Kaufentscheidungen \u2013 mit Blick auf alle baulichen und technischen Aspekte.<\/li>\n\n\n\n<li><strong>Planung und Berechnung:<\/strong> Erstellung von ma\u00dfgeschneiderten Konzepten, die Ihre W\u00fcnsche und die Vorgaben der jeweiligen Bauordnung perfekt vereinen.<\/li>\n\n\n\n<li><strong>Bauleitung und Bauaufsicht (\u00d6BA):<\/strong> \u00dcberwachung und Koordination aller Bauprozesse, damit Ihr Projekt reibungslos und effizient umgesetzt wird.<\/li>\n\n\n\n<li><strong>Bauf\u00fchrerschaft:<\/strong> Fachgerechte und rechtssichere Umsetzung Ihrer Bauvorhaben.<\/li>\n\n\n\n<li><strong>Generalunternehmer:<\/strong> Komplettl\u00f6sungen aus einer Hand \u2013 von der Planung bis zur Ausf\u00fchrung.<\/li>\n<\/ul>\n\n\n\n<p>Mit unserer Expertise stehen wir Ihnen als zuverl\u00e4ssiger Partner zur Verf\u00fcgung, der Ihre Bauprojekte und Immobilienk\u00e4ufe mit Pr\u00e4zision und Qualit\u00e4t unterst\u00fctzt. Ihr Traum von einer Immobilie oder einem Bauprojekt ist bei uns in besten H\u00e4nden.<\/p>\n\n\n\n<p>Wir freuen uns darauf, Sie bei Ihrem n\u00e4chsten Schritt zu begleiten!<\/p>\n","protected":false},"excerpt":{"rendered":"<p>Willkommen bei Barracuda Bau Services BERATUNG BAUAUFSICHT CONTROLLING Wir sind Ihr verl\u00e4sslicher Partner f\u00fcr alle Bauvorhaben sowie umfassende Beratung in Baufragen. Unser Leistungsspektrum reicht von der Planung und Bauleitung bis hin zur professionellen Unterst\u00fctzung bei Kaufentscheidungen rund um H\u00e4user und Wohnungen. Unsere erweiterten Dienstleistungen: Mit unserer Expertise stehen wir Ihnen als zuverl\u00e4ssiger Partner zur Verf\u00fcgung, [&hellip;]<\/p>\n","protected":false},"author":1,"featured_media":0,"parent":0,"menu_order":0,"comment_status":"closed","ping_status":"open","template":"","meta":{"footnotes":""},"class_list":["post-2","page","type-page","status-publish","hentry"],"_links":{"self":[{"href":"https:\/\/www.barracuda.at\/barracuda_bm\/wp-json\/wp\/v2\/pages\/2","targetHints":{"allow":["GET"]}}],"collection":[{"href":"https:\/\/www.barracuda.at\/barracuda_bm\/wp-json\/wp\/v2\/pages"}],"about":[{"href":"https:\/\/www.barracuda.at\/barracuda_bm\/wp-json\/wp\/v2\/types\/page"}],"author":[{"embeddable":true,"href":"https:\/\/www.barracuda.at\/barracuda_bm\/wp-json\/wp\/v2\/users\/1"}],"replies":[{"embeddable":true,"href":"https:\/\/www.barracuda.at\/barracuda_bm\/wp-json\/wp\/v2\/comments?post=2"}],"version-history":[{"count":15,"href":"https:\/\/www.barracuda.at\/barracuda_bm\/wp-json\/wp\/v2\/pages\/2\/revisions"}],"predecessor-version":[{"id":37,"href":"https:\/\/www.barracuda.at\/barracuda_bm\/wp-json\/wp\/v2\/pages\/2\/revisions\/37"}],"wp:attachment":[{"href":"https:\/\/www.barracuda.at\/barracuda_bm\/wp-json\/wp\/v2\/media?parent=2"}],"curies":[{"name":"wp","href":"https:\/\/api.w.org\/{rel}","templated":true}]}}