{"id":2,"date":"2025-03-31T10:26:50","date_gmt":"2025-03-31T08:26:50","guid":{"rendered":"https:\/\/www.barracuda.at\/barracuda_it\/?page_id=2"},"modified":"2025-03-31T15:43:21","modified_gmt":"2025-03-31T13:43:21","slug":"barracuda-it","status":"publish","type":"page","link":"https:\/\/www.barracuda.at\/barracuda_it\/","title":{"rendered":""},"content":{"rendered":"\n<h2 class=\"wp-block-heading has-text-align-center\">Willkommen bei Barracuda IT Services<\/h2>\n\n\n\n<h1 class=\"wp-block-heading has-text-align-center\"><strong>Ihrem zuverl\u00e4ssigen Partner f\u00fcr IT-L\u00f6sungen!<\/strong><\/h1>\n\n\n\n<p>Wir bieten umfassende Dienstleistungen f\u00fcr Unternehmen, die auf leistungsf\u00e4hige und sichere IT-Systeme setzen.<\/p>\n\n\n\n<p>Unsere Expertise umfasst:<\/p>\n\n\n\n<ul class=\"wp-block-list\">\n<li><strong>Hardwarelieferung: <\/strong>Ma\u00dfgeschneiderte L\u00f6sungen f\u00fcr Ihre Anforderungen.<\/li>\n\n\n\n<li><strong>Netzwerkl\u00f6sungen <\/strong>die auch in Zukunft keine W\u00fcnsche offen lassen.<\/li>\n\n\n\n<li><strong>Planung und Messung<\/strong> f\u00fcr optimale W-Lan Verteilung in der Arbeitsumgebung.<\/li>\n\n\n\n<li><strong>Installation und Wartung:<\/strong> Professioneller Service f\u00fcr maximale Systemleistung.<\/li>\n\n\n\n<li><strong>EDV-Support:<\/strong> Schnelle und kompetente Unterst\u00fctzung f\u00fcr alle IT-Fragen.<\/li>\n\n\n\n<li>Unterst\u00fctzung bei Fragen zu Cloud Computing.<\/li>\n\n\n\n<li><strong>Backup &amp; Recovery Strategien<\/strong> und Umsetzung angepasst an Ihre Bed\u00fcrfnisse und Rechtlichen Anforderungen.<\/li>\n\n\n\n<li><strong>IT-Consulting:<\/strong> Unsere Experten unterst\u00fctzen Sie bei der Umsetzung von IT-Projekten.<\/li>\n\n\n\n<li><strong>Hard &amp; Software Rollout<\/strong> Service f\u00fcr Unternehmen.<\/li>\n\n\n\n<li><strong>Training Services:<\/strong> Gezielte Schulungen und praxisnahe Trainings f\u00fcr Ihre Mitarbeiter.<\/li>\n\n\n\n<li><strong>Telefon Support<\/strong> L\u00f6sungen ma\u00dfgeschneidert f\u00fcr Ihre Anforderungen.<\/li>\n<\/ul>\n\n\n\n<p>Setzen Sie auf Qualit\u00e4t und Service \u2013 kontaktieren Sie uns noch heute!<\/p>\n\n\n\n<p><\/p>\n","protected":false},"excerpt":{"rendered":"<p>Willkommen bei Barracuda IT Services Ihrem zuverl\u00e4ssigen Partner f\u00fcr IT-L\u00f6sungen! Wir bieten umfassende Dienstleistungen f\u00fcr Unternehmen, die auf leistungsf\u00e4hige und sichere IT-Systeme setzen. Unsere Expertise umfasst: Setzen Sie auf Qualit\u00e4t und Service \u2013 kontaktieren Sie uns noch heute!<\/p>\n","protected":false},"author":1,"featured_media":0,"parent":0,"menu_order":0,"comment_status":"closed","ping_status":"open","template":"","meta":{"footnotes":""},"class_list":["post-2","page","type-page","status-publish","hentry"],"_links":{"self":[{"href":"https:\/\/www.barracuda.at\/barracuda_it\/wp-json\/wp\/v2\/pages\/2","targetHints":{"allow":["GET"]}}],"collection":[{"href":"https:\/\/www.barracuda.at\/barracuda_it\/wp-json\/wp\/v2\/pages"}],"about":[{"href":"https:\/\/www.barracuda.at\/barracuda_it\/wp-json\/wp\/v2\/types\/page"}],"author":[{"embeddable":true,"href":"https:\/\/www.barracuda.at\/barracuda_it\/wp-json\/wp\/v2\/users\/1"}],"replies":[{"embeddable":true,"href":"https:\/\/www.barracuda.at\/barracuda_it\/wp-json\/wp\/v2\/comments?post=2"}],"version-history":[{"count":7,"href":"https:\/\/www.barracuda.at\/barracuda_it\/wp-json\/wp\/v2\/pages\/2\/revisions"}],"predecessor-version":[{"id":47,"href":"https:\/\/www.barracuda.at\/barracuda_it\/wp-json\/wp\/v2\/pages\/2\/revisions\/47"}],"wp:attachment":[{"href":"https:\/\/www.barracuda.at\/barracuda_it\/wp-json\/wp\/v2\/media?parent=2"}],"curies":[{"name":"wp","href":"https:\/\/api.w.org\/{rel}","templated":true}]}}